{"id":269,"date":"2026-01-26T13:57:33","date_gmt":"2026-01-26T13:57:33","guid":{"rendered":"https:\/\/apartmani.itdesign.digital\/o-nama\/"},"modified":"2026-01-26T13:57:38","modified_gmt":"2026-01-26T13:57:38","slug":"o-nama","status":"publish","type":"page","link":"https:\/\/apartmani.itdesign.digital\/?page_id=269","title":{"rendered":"O nama"},"content":{"rendered":"\t\t<div data-elementor-type=\"wp-page\" data-elementor-id=\"269\" class=\"elementor elementor-269\">\n\t\t\t\t<div class=\"elementor-element elementor-element-e7dy8gyx e-con-full twbb_section twbb_full_h e-flex e-con e-parent\" data-id=\"e7dy8gyx\" data-element_type=\"container\" id=\"welcome-to-mrine-lux\">\n\t\t<div class=\"elementor-element elementor-element-ngxkp6py e-con-full e-flex e-con e-parent\" data-id=\"ngxkp6py\" data-element_type=\"container\">\n\t\t\t\t<div class=\"elementor-element elementor-element-qcz1gkqh elementor-widget__width-initial elementor-widget-mobile__width-inherit elementor-widget-tablet__width-initial twbb-headline--style-highlight elementor-widget elementor-widget-twbbanimated-headline\" data-id=\"qcz1gkqh\" data-element_type=\"widget\" data-settings=\"{&quot;highlighted_text&quot;:&quot;Mrine Lux&quot;,&quot;marker&quot;:&quot;underline_zigzag&quot;,&quot;headline_style&quot;:&quot;highlight&quot;}\" data-widget_type=\"twbbanimated-headline.default\">\n\t\t\t\t<div class=\"elementor-widget-container\">\n\t\t\t\t\t    <h1 class=\"twbb-headline\">\n          <span class=\"twbb-headline-plain-text twbb-headline-text-wrapper\">Dobrodo\u0161li u <\/span>\n        <span class=\"twbb-headline-dynamic-wrapper twbb-headline-text-wrapper\"><\/span>\n          <span class=\"twbb-headline-plain-text twbb-headline-text-wrapper\"> Apartmane!<\/span>\n        <\/h1>\n    \t\t\t\t<\/div>\n\t\t\t\t<\/div>\n\t\t\t\t<div class=\"elementor-element elementor-element-7m4rh4r0 elementor-widget__width-initial elementor-widget-mobile__width-inherit elementor-widget-tablet__width-initial elementor-invisible elementor-widget elementor-widget-text-editor\" data-id=\"7m4rh4r0\" data-element_type=\"widget\" data-settings=\"{&quot;_animation&quot;:&quot;fadeInUp&quot;}\" data-widget_type=\"text-editor.default\">\n\t\t\t\t\t\t\t\t\tDo\u017eivite urbani \u017eivot u najboljem izdanju uz Mrine Lux. Na\u0161i moderni, potpuno opremljeni apartmani nude savr\u0161en spoj udobnosti i prakti\u010dnosti za va\u0161 boravak u Hrvatskoj. Otkrijte iznimnu uslugu i jednostavan postupak rezervacije, osiguravaju\u0107i nezaboravno iskustvo bez stresa. Rezervirajte svoj urbani bijeg ve\u0107 danas!\t\t\t\t\t\t\t\t<\/div>\n\t\t\t\t<div class=\"elementor-element elementor-element-udb12x6h elementor-widget__width-initial elementor-widget-mobile__width-inherit elementor-widget-tablet__width-initial elementor-mobile-button-align-stretch elementor-button-align-center elementor-invisible elementor-widget elementor-widget-twbb_form\" data-id=\"udb12x6h\" data-element_type=\"widget\" data-settings=\"{&quot;_animation&quot;:&quot;fadeInUp&quot;,&quot;button_width&quot;:&quot;25&quot;,&quot;step_next_label&quot;:&quot;Next&quot;,&quot;step_previous_label&quot;:&quot;Previous&quot;,&quot;step_type&quot;:&quot;number_text&quot;,&quot;step_icon_shape&quot;:&quot;circle&quot;}\" data-widget_type=\"twbb_form.default\">\n\t\t\t\t<div class=\"elementor-widget-container\">\n\t\t\t\t\t\t\t<form class=\"elementor-form\" method=\"post\" >\n\t\t\t<input type=\"hidden\" name=\"post_id\" value=\"269\"\/>\n\t\t\t<input type=\"hidden\" name=\"form_id\" value=\"udb12x6h\"\/>\n\t\t\t<input type=\"hidden\" name=\"referer_title\" value=\"\" \/>\n\n\t\t\t\n\t\t\t<div class=\"elementor-form-fields-wrapper elementor-labels-\">\n\t\t\t\t\t\t\t\t<div class=\"elementor-field-type-email elementor-field-group elementor-column elementor-field-group-email elementor-col-66 elementor-field-required\">\n\t\t\t\t\t\t\t\t\t\t\t\t<label for=\"form-field-email\" class=\"elementor-field-label elementor-screen-only\">\n\t\t\t\t\t\t\t\tE-po\u0161ta\t\t\t\t\t\t\t<\/label>\n\t\t\t\t\t\t\t\t\t\t\t\t\t\t<input size=\"1\" type=\"email\" name=\"form_fields[email]\" id=\"form-field-email\" class=\"elementor-field elementor-size-sm  elementor-field-textual\" placeholder=\"Enter your email\" required=\"required\" aria-required=\"true\">\n\t\t\t\t\t\t\t\t\t\t\t<\/div>\n\t\t\t\t\t\t\t\t<div class=\"elementor-field-group elementor-column elementor-field-type-submit elementor-col-25 e-form__buttons\">\n\t\t\t\t\t<button type=\"submit\" class=\"elementor-button\">\n\t\t\t\t\t\t<span >\n\t\t\t\t\t\t\t\t\t\t\t\t\t\t\t<span class=\" elementor-button-icon\">\n\t\t\t\t\t\t\t\t\t\t\t\t\t\t\t\t\t\t\t\t\t\t\t\t\t\t<\/span>\n\t\t\t\t\t\t\t\t\t\t\t\t\t\t\t\t\t\t\t\t\t\t<span class=\"elementor-button-text\">Prijavite se<\/span>\n\t\t\t\t\t\t\t\t\t\t\t\t\t<\/span>\n\t\t\t\t\t<\/button>\n          <button type=\"reset\" class=\"elementor-button elementor-hidden\">\n\t\t\t\t\t\t<span >\n\t\t\t\t\t\t\t              \t\t\t\t\t\t<\/span>\n          <\/button>\n\t\t\t\t<\/div>\n            \t\t\t<\/div>\n\t\t<\/form>\n\t\t\t\t\t\t<\/div>\n\t\t\t\t<\/div>\n\t\t\t\t<\/div>\n\t\t\t\t<div class=\"elementor-element elementor-element-9k0bmdwa elementor-widget__width-initial elementor-widget-mobile__width-inherit elementor-widget-tablet__width-initial elementor-widget elementor-widget-image\" data-id=\"9k0bmdwa\" data-element_type=\"widget\" data-widget_type=\"image.default\">\n\t\t\t\t\t\t\t\t\t\t\t\t\t\t\t<img fetchpriority=\"high\" decoding=\"async\" width=\"1024\" height=\"1024\" src=\"https:\/\/apartmani.itdesign.digital\/wp-content\/uploads\/2026\/01\/tenweb_media_syreiff7r.webp\" class=\"attachment-full size-full wp-image-242\" alt=\"\" srcset=\"https:\/\/apartmani.itdesign.digital\/wp-content\/uploads\/2026\/01\/tenweb_media_syreiff7r.webp 1024w, https:\/\/apartmani.itdesign.digital\/wp-content\/uploads\/2026\/01\/tenweb_media_syreiff7r-768x768.webp 768w\" sizes=\"(max-width: 1024px) 100vw, 1024px\" \/>\t\t\t\t\t\t\t\t\t\t\t\t\t\t\t<\/div>\n\t\t\t\t<\/div>\n\t\t<div class=\"elementor-element elementor-element-d4qg6s7x twbb_section e-con-boxed e-flex e-con e-parent\" data-id=\"d4qg6s7x\" data-element_type=\"container\" id=\"our-mission-and-values\">\n\t\t\t\t\t<div class=\"e-con-inner\">\n\t\t<div class=\"elementor-element elementor-element-dndlavh9 e-con-full e-flex e-con e-parent\" data-id=\"dndlavh9\" data-element_type=\"container\">\n\t\t\t\t<div class=\"elementor-element elementor-element-ie6ccfmg elementor-widget__width-initial elementor-widget-mobile__width-inherit elementor-widget-tablet__width-initial elementor-invisible elementor-widget elementor-widget-heading\" data-id=\"ie6ccfmg\" data-element_type=\"widget\" data-settings=\"{&quot;_animation&quot;:&quot;fadeInUp&quot;}\" data-widget_type=\"heading.default\">\n\t\t\t\t\t<h2 class=\"elementor-heading-title elementor-size-default\">Na\u0161a misija i vrijednosti<\/h2>\t\t\t\t<\/div>\n\t\t\t\t<div class=\"elementor-element elementor-element-4z25s8eb elementor-widget__width-initial elementor-widget-mobile__width-inherit elementor-widget-tablet__width-initial elementor-invisible elementor-widget elementor-widget-text-editor\" data-id=\"4z25s8eb\" data-element_type=\"widget\" data-settings=\"{&quot;_animation&quot;:&quot;fadeInUp&quot;}\" data-widget_type=\"text-editor.default\">\n\t\t\t\t\t\t\t\t\tU Mrine Luxu posve\u0107eni smo pru\u017eanju vrhunskih urbanih apartmana koji kombiniraju moderan dizajn s udobno\u0161\u0107u i prakti\u010dno\u0161\u0107u. Na\u0161e temeljne vrijednosti uklju\u010duju transparentnost, sigurnost i odr\u017eivost, osiguravaju\u0107i na\u0161im gostima besprijekorno i pouzdano iskustvo. Nastojimo nadma\u0161iti o\u010dekivanja kroz iznimnu uslugu, inovativnu tehnologiju i predanost ekolo\u0161koj odgovornosti, \u010dine\u0107i svaki boravak nezaboravnim i bez stresa.\t\t\t\t\t\t\t\t<\/div>\n\t\t\t\t<\/div>\n\t\t\t\t<div class=\"elementor-element elementor-element-teg7hbms elementor-widget__width-initial elementor-widget-mobile__width-inherit elementor-widget-tablet__width-initial elementor-widget elementor-widget-image\" data-id=\"teg7hbms\" data-element_type=\"widget\" data-widget_type=\"image.default\">\n\t\t\t\t\t\t\t\t\t\t\t\t\t\t\t<img decoding=\"async\" width=\"1024\" height=\"576\" src=\"https:\/\/apartmani.itdesign.digital\/wp-content\/uploads\/2026\/01\/tenweb_media_sk7zqz6go.webp\" class=\"attachment-full size-full wp-image-241\" alt=\"\" srcset=\"https:\/\/apartmani.itdesign.digital\/wp-content\/uploads\/2026\/01\/tenweb_media_sk7zqz6go.webp 1024w, https:\/\/apartmani.itdesign.digital\/wp-content\/uploads\/2026\/01\/tenweb_media_sk7zqz6go-768x432.webp 768w\" sizes=\"(max-width: 1024px) 100vw, 1024px\" \/>\t\t\t\t\t\t\t\t\t\t\t\t\t\t\t<\/div>\n\t\t\t\t\t<\/div>\n\t\t\t\t<\/div>\n\t\t\t\t<\/div>\n\t\t","protected":false},"excerpt":{"rendered":"","protected":false},"author":0,"featured_media":0,"parent":0,"menu_order":0,"comment_status":"closed","ping_status":"publish","template":"","meta":{"two_page_speed":[],"footnotes":""},"class_list":["post-269","page","type-page","status-publish","hentry"],"_links":{"self":[{"href":"https:\/\/apartmani.itdesign.digital\/index.php?rest_route=\/wp\/v2\/pages\/269","targetHints":{"allow":["GET"]}}],"collection":[{"href":"https:\/\/apartmani.itdesign.digital\/index.php?rest_route=\/wp\/v2\/pages"}],"about":[{"href":"https:\/\/apartmani.itdesign.digital\/index.php?rest_route=\/wp\/v2\/types\/page"}],"replies":[{"embeddable":true,"href":"https:\/\/apartmani.itdesign.digital\/index.php?rest_route=%2Fwp%2Fv2%2Fcomments&post=269"}],"version-history":[{"count":1,"href":"https:\/\/apartmani.itdesign.digital\/index.php?rest_route=\/wp\/v2\/pages\/269\/revisions"}],"predecessor-version":[{"id":303,"href":"https:\/\/apartmani.itdesign.digital\/index.php?rest_route=\/wp\/v2\/pages\/269\/revisions\/303"}],"wp:attachment":[{"href":"https:\/\/apartmani.itdesign.digital\/index.php?rest_route=%2Fwp%2Fv2%2Fmedia&parent=269"}],"curies":[{"name":"wp","href":"https:\/\/api.w.org\/{rel}","templated":true}]}}