{"id":265,"date":"2026-01-26T13:57:32","date_gmt":"2026-01-26T13:57:32","guid":{"rendered":"https:\/\/apartmani.itdesign.digital\/apartmani-2\/"},"modified":"2026-01-26T13:57:38","modified_gmt":"2026-01-26T13:57:38","slug":"apartmani-2","status":"publish","type":"page","link":"https:\/\/apartmani.itdesign.digital\/?page_id=265","title":{"rendered":"Apartmani"},"content":{"rendered":"\t\t<div data-elementor-type=\"wp-page\" data-elementor-id=\"265\" class=\"elementor elementor-265\">\n\t\t\t\t<div class=\"elementor-element elementor-element-aa56oozf e-con-full twbb_section twbb_full_h e-flex e-con e-parent\" data-id=\"aa56oozf\" data-element_type=\"container\" id=\"discover-your-ideal-urban-retreat\">\n\t\t<div class=\"elementor-element elementor-element-07dsjdgs e-con-full e-flex e-con e-parent\" data-id=\"07dsjdgs\" data-element_type=\"container\">\n\t\t\t\t<div class=\"elementor-element elementor-element-0f4dbvfi elementor-widget__width-initial elementor-widget-mobile__width-inherit elementor-widget-tablet__width-initial twbb-headline--style-rotate elementor-widget elementor-widget-twbbanimated-headline\" data-id=\"0f4dbvfi\" data-element_type=\"widget\" data-settings=\"{&quot;headline_style&quot;:&quot;rotate&quot;,&quot;rotating_text&quot;:&quot;Your&quot;,&quot;animation_type&quot;:&quot;flip&quot;}\" data-widget_type=\"twbbanimated-headline.default\">\n\t\t\t\t<div class=\"elementor-widget-container\">\n\t\t\t\t\t    <h1 class=\"twbb-headline twbb-headline-animation-type-flip\">\n        <span class=\"twbb-headline-dynamic-wrapper twbb-headline-text-wrapper\"><\/span>\n          <span class=\"twbb-headline-plain-text twbb-headline-text-wrapper\">Urbani Bijeg Vas \u010ceka u <em>Mrine Lux<\/em><\/span>\n        <\/h1>\n    \t\t\t\t<\/div>\n\t\t\t\t<\/div>\n\t\t\t\t<div class=\"elementor-element elementor-element-c5aums3k elementor-widget__width-initial elementor-widget-mobile__width-inherit elementor-widget-tablet__width-initial elementor-invisible elementor-widget elementor-widget-text-editor\" data-id=\"c5aums3k\" data-element_type=\"widget\" data-settings=\"{&quot;_animation&quot;:&quot;fadeInUp&quot;}\" data-widget_type=\"text-editor.default\">\n\t\t\t\t\t\t\t\t\tDobrodo\u0161li u Mrine Lux, gdje se moderni \u017eivot susre\u0107e s urbanom prakti\u010dno\u0161\u0107u. Otkrijte na\u0161 izbor elegantnih apartmana, dizajniranih za udobnost i opremljenih svime \u0161to vam je potrebno za nezaboravan boravak. Rezervirajte svoje idealno urbano uto\u010di\u0161te danas i do\u017eivite najbolje od gradskog \u017eivota.\t\t\t\t\t\t\t\t<\/div>\n\t\t<div class=\"elementor-element elementor-element-ew244k5j e-con-boxed e-flex e-con e-parent\" data-id=\"ew244k5j\" data-element_type=\"container\">\n\t\t\t\t\t<div class=\"e-con-inner\">\n\t\t\t\t<div class=\"elementor-element elementor-element-3od6rots elementor-align-right elementor-mobile-align-center elementor-widget elementor-widget-button\" data-id=\"3od6rots\" data-element_type=\"widget\" data-widget_type=\"button.default\">\n\t\t\t\t\t\t\t\t\t\t<a class=\"elementor-button elementor-button-link elementor-size-sm\" href=\"#\">\n\t\t\t\t\t\t<span class=\"elementor-button-content-wrapper\">\n\t\t\t\t\t\t\t\t\t<span class=\"elementor-button-text\">Rezerviraj<\/span>\n\t\t\t\t\t<\/span>\n\t\t\t\t\t<\/a>\n\t\t\t\t\t\t\t\t<\/div>\n\t\t\t\t<div class=\"elementor-element elementor-element-2vzpkky0 elementor-align-right elementor-mobile-align-center elementor-widget elementor-widget-button\" data-id=\"2vzpkky0\" data-element_type=\"widget\" data-widget_type=\"button.default\">\n\t\t\t\t\t\t\t\t\t\t<a class=\"elementor-button elementor-button-link elementor-size-sm\" href=\"#\">\n\t\t\t\t\t\t<span class=\"elementor-button-content-wrapper\">\n\t\t\t\t\t\t\t\t\t<span class=\"elementor-button-text\">Vi\u0161e<\/span>\n\t\t\t\t\t<\/span>\n\t\t\t\t\t<\/a>\n\t\t\t\t\t\t\t\t<\/div>\n\t\t\t\t\t<\/div>\n\t\t\t\t<\/div>\n\t\t\t\t<\/div>\n\t\t\t\t<div class=\"elementor-element elementor-element-h1kohlam elementor-widget__width-initial elementor-widget-mobile__width-inherit elementor-widget-tablet__width-initial elementor-widget elementor-widget-image\" data-id=\"h1kohlam\" data-element_type=\"widget\" data-widget_type=\"image.default\">\n\t\t\t\t\t\t\t\t\t\t\t\t\t\t\t<img fetchpriority=\"high\" decoding=\"async\" width=\"1024\" height=\"1024\" src=\"https:\/\/apartmani.itdesign.digital\/wp-content\/uploads\/2026\/01\/tenweb_media_svxd0an6f.webp\" class=\"attachment-full size-full wp-image-247\" alt=\"\" srcset=\"https:\/\/apartmani.itdesign.digital\/wp-content\/uploads\/2026\/01\/tenweb_media_svxd0an6f.webp 1024w, https:\/\/apartmani.itdesign.digital\/wp-content\/uploads\/2026\/01\/tenweb_media_svxd0an6f-768x768.webp 768w\" sizes=\"(max-width: 1024px) 100vw, 1024px\" \/>\t\t\t\t\t\t\t\t\t\t\t\t\t\t\t<\/div>\n\t\t\t\t<\/div>\n\t\t<div class=\"elementor-element elementor-element-hdmnm6oe twbb_section e-con-boxed e-flex e-con e-parent\" data-id=\"hdmnm6oe\" data-element_type=\"container\" id=\"explore-our-apartments\">\n\t\t\t\t\t<div class=\"e-con-inner\">\n\t\t\t\t<div class=\"elementor-element elementor-element-sgk7qlhq elementor-widget__width-initial elementor-widget-mobile__width-inherit elementor-widget-tablet__width-initial twbb_cta-position-button-bottom twbb_cta-button-wrapper-center twbb_cta-button-wrapper-center twbb_cta-valign-align-top twbb_cta-position-image-top twbb_cta-tablet-position-image-top twbb_cta-mobile-position-image-top twbb_cta-button-wrapper-center twbb_cta-tablet-position-button-bottom twbb_cta-mobile-position-button-bottom elementor-invisible elementor-widget elementor-widget-twbb_call-to-action\" data-id=\"sgk7qlhq\" data-element_type=\"widget\" data-settings=\"{&quot;_animation&quot;:&quot;fadeInUp&quot;}\" data-widget_type=\"twbb_call-to-action.default\">\n\t\t\t\t<div class=\"elementor-widget-container\">\n\t\t\t\t\t    <a href=\"#\" class=\"twbb_cta-wrapper \">\n                  <div class=\"twbb_cta-image-background-wrapper\">\n          <span class=\"twbb_cta-image-background-overlay\"><\/span>\n                            <div class=\"twbb_cta-image-html-tag\">\n                                            <img decoding=\"async\" src=\"https:\/\/apartmani.itdesign.digital\/wp-content\/uploads\/2026\/01\/tenweb_media_sz5kyoufn.webp\" alt=\"A modern, sunlit apartment living room with a comfortable sofa, a large window overlooking the city, and contemporary decor, showcasing the apartment&#039;s bright and inviting atmosphere.\" >\n                                    <\/div>\n                    <\/div>\n        <div class=\"twbb_cta-content-wrapper \">\n    <div class=\"twbb_cta-content-inner\">\n                <h5 class=\"twbb_cta-title\">Apartman 1: Apartman s pogledom na grad<\/h5>\n                    <div class=\"twbb_cta-description\">U\u017eivajte u pogledu koji oduzima dah s ovog elegantnog apartmana. Sadr\u017ei potpuno opremljenu kuhinju, brzi internet i privatni balkon.<\/div>\n              <\/div>\n    <div class=\"twbb_cta-button-wrapper\">\n        <div class=\"twbb_cta-buttons\">\n                        <\/div>\n    <\/div>\n  <\/div>\n        <\/a>\n\t\t\t\t<\/div>\n\t\t\t\t<\/div>\n\t\t\t\t<div class=\"elementor-element elementor-element-6sivvqn7 elementor-widget__width-initial elementor-widget-mobile__width-inherit elementor-widget-tablet__width-initial twbb_cta-position-button-bottom twbb_cta-button-wrapper-center twbb_cta-button-wrapper-center twbb_cta-valign-align-top twbb_cta-position-image-top twbb_cta-tablet-position-image-top twbb_cta-mobile-position-image-top twbb_cta-button-wrapper-center twbb_cta-tablet-position-button-bottom twbb_cta-mobile-position-button-bottom elementor-invisible elementor-widget elementor-widget-twbb_call-to-action\" data-id=\"6sivvqn7\" data-element_type=\"widget\" data-settings=\"{&quot;_animation&quot;:&quot;fadeInUp&quot;}\" data-widget_type=\"twbb_call-to-action.default\">\n\t\t\t\t<div class=\"elementor-widget-container\">\n\t\t\t\t\t    <a href=\"#\" class=\"twbb_cta-wrapper \">\n                  <div class=\"twbb_cta-image-background-wrapper\">\n          <span class=\"twbb_cta-image-background-overlay\"><\/span>\n                            <div class=\"twbb_cta-image-html-tag\">\n                                            <img decoding=\"async\" src=\"https:\/\/apartmani.itdesign.digital\/wp-content\/uploads\/2026\/01\/tenweb_media_sbk0koaot.webp\" alt=\"A cozy and well-equipped apartment kitchen with stainless steel appliances, granite countertops, and a breakfast bar, emphasizing the convenience and functionality of the cooking space.\" >\n                                    <\/div>\n                    <\/div>\n        <div class=\"twbb_cta-content-wrapper \">\n    <div class=\"twbb_cta-content-inner\">\n                <h5 class=\"twbb_cta-title\">Apartman 2: Moderna Kuhinja Udobnost<\/h5>\n                    <div class=\"twbb_cta-description\">Ovaj se apartman mo\u017ee pohvaliti modernom kuhinjom sa svim potrebnim. Savr\u0161eno za ljubitelje kuhanja i one koji u\u017eivaju u objedovanju u apartmanu.<\/div>\n              <\/div>\n    <div class=\"twbb_cta-button-wrapper\">\n        <div class=\"twbb_cta-buttons\">\n                        <\/div>\n    <\/div>\n  <\/div>\n        <\/a>\n\t\t\t\t<\/div>\n\t\t\t\t<\/div>\n\t\t\t\t<div class=\"elementor-element elementor-element-bsj1ulkm elementor-widget__width-initial elementor-widget-mobile__width-inherit elementor-widget-tablet__width-initial twbb_cta-position-button-bottom twbb_cta-button-wrapper-center twbb_cta-button-wrapper-center twbb_cta-valign-align-top twbb_cta-position-image-top twbb_cta-tablet-position-image-top twbb_cta-mobile-position-image-top twbb_cta-button-wrapper-center twbb_cta-tablet-position-button-bottom twbb_cta-mobile-position-button-bottom elementor-invisible elementor-widget elementor-widget-twbb_call-to-action\" data-id=\"bsj1ulkm\" data-element_type=\"widget\" data-settings=\"{&quot;_animation&quot;:&quot;fadeInUp&quot;}\" data-widget_type=\"twbb_call-to-action.default\">\n\t\t\t\t<div class=\"elementor-widget-container\">\n\t\t\t\t\t    <a href=\"#\" class=\"twbb_cta-wrapper \">\n                  <div class=\"twbb_cta-image-background-wrapper\">\n          <span class=\"twbb_cta-image-background-overlay\"><\/span>\n                            <div class=\"twbb_cta-image-html-tag\">\n                                            <img decoding=\"async\" src=\"https:\/\/apartmani.itdesign.digital\/wp-content\/uploads\/2026\/01\/tenweb_media_s1cjwfjt5.webp\" alt=\"A luxurious apartment bedroom with a king-size bed, plush bedding, soft lighting, and elegant furnishings, creating a relaxing and comfortable retreat for a good night&#039;s sleep.\" >\n                                    <\/div>\n                    <\/div>\n        <div class=\"twbb_cta-content-wrapper \">\n    <div class=\"twbb_cta-content-inner\">\n                <h5 class=\"twbb_cta-title\">Apartman 3: Udobnost King Size kreveta<\/h5>\n                    <div class=\"twbb_cta-description\">Opustite se u ovoj luksuznoj spava\u0107oj sobi s king-size krevetom i vrhunskom posteljinom. Do\u017eivite vrhunsku udobnost i opu\u0161tanje tijekom svog boravka.<\/div>\n              <\/div>\n    <div class=\"twbb_cta-button-wrapper\">\n        <div class=\"twbb_cta-buttons\">\n                        <\/div>\n    <\/div>\n  <\/div>\n        <\/a>\n\t\t\t\t<\/div>\n\t\t\t\t<\/div>\n\t\t\t\t<div class=\"elementor-element elementor-element-lc6x08my elementor-widget__width-initial elementor-widget-mobile__width-inherit elementor-widget-tablet__width-initial twbb_cta-position-button-bottom twbb_cta-button-wrapper-center twbb_cta-button-wrapper-center twbb_cta-valign-align-top twbb_cta-position-image-top twbb_cta-tablet-position-image-top twbb_cta-mobile-position-image-top twbb_cta-button-wrapper-center twbb_cta-tablet-position-button-bottom twbb_cta-mobile-position-button-bottom elementor-invisible elementor-widget elementor-widget-twbb_call-to-action\" data-id=\"lc6x08my\" data-element_type=\"widget\" data-settings=\"{&quot;_animation&quot;:&quot;fadeInUp&quot;}\" data-widget_type=\"twbb_call-to-action.default\">\n\t\t\t\t<div class=\"elementor-widget-container\">\n\t\t\t\t\t    <a href=\"#\" class=\"twbb_cta-wrapper \">\n                  <div class=\"twbb_cta-image-background-wrapper\">\n          <span class=\"twbb_cta-image-background-overlay\"><\/span>\n                            <div class=\"twbb_cta-image-html-tag\">\n                                            <img decoding=\"async\" src=\"https:\/\/apartmani.itdesign.digital\/wp-content\/uploads\/2026\/01\/tenweb_media_sw8i1rzm5.webp\" alt=\"A spacious apartment bathroom with a walk-in shower, modern fixtures, and fluffy towels, highlighting the cleanliness and convenience of the bathing facilities.\" >\n                                    <\/div>\n                    <\/div>\n        <div class=\"twbb_cta-content-wrapper \">\n    <div class=\"twbb_cta-content-inner\">\n                <h5 class=\"twbb_cta-title\">Apartman 4: Moderno Uto\u010di\u0161te u Kupaonici<\/h5>\n                    <div class=\"twbb_cta-description\">Prepustite se osvje\u017eavaju\u0107em iskustvu u ovoj modernoj kupaonici. Sadr\u017ei tu\u0161 kabinu, elegantan dizajn i sve potrebne sadr\u017eaje.<\/div>\n              <\/div>\n    <div class=\"twbb_cta-button-wrapper\">\n        <div class=\"twbb_cta-buttons\">\n                        <\/div>\n    <\/div>\n  <\/div>\n        <\/a>\n\t\t\t\t<\/div>\n\t\t\t\t<\/div>\n\t\t\t\t\t<\/div>\n\t\t\t\t<\/div>\n\t\t\t\t<\/div>\n\t\t","protected":false},"excerpt":{"rendered":"","protected":false},"author":0,"featured_media":0,"parent":0,"menu_order":0,"comment_status":"closed","ping_status":"publish","template":"","meta":{"two_page_speed":[],"footnotes":""},"class_list":["post-265","page","type-page","status-publish","hentry"],"_links":{"self":[{"href":"https:\/\/apartmani.itdesign.digital\/index.php?rest_route=\/wp\/v2\/pages\/265","targetHints":{"allow":["GET"]}}],"collection":[{"href":"https:\/\/apartmani.itdesign.digital\/index.php?rest_route=\/wp\/v2\/pages"}],"about":[{"href":"https:\/\/apartmani.itdesign.digital\/index.php?rest_route=\/wp\/v2\/types\/page"}],"replies":[{"embeddable":true,"href":"https:\/\/apartmani.itdesign.digital\/index.php?rest_route=%2Fwp%2Fv2%2Fcomments&post=265"}],"version-history":[{"count":1,"href":"https:\/\/apartmani.itdesign.digital\/index.php?rest_route=\/wp\/v2\/pages\/265\/revisions"}],"predecessor-version":[{"id":301,"href":"https:\/\/apartmani.itdesign.digital\/index.php?rest_route=\/wp\/v2\/pages\/265\/revisions\/301"}],"wp:attachment":[{"href":"https:\/\/apartmani.itdesign.digital\/index.php?rest_route=%2Fwp%2Fv2%2Fmedia&parent=265"}],"curies":[{"name":"wp","href":"https:\/\/api.w.org\/{rel}","templated":true}]}}