{"id":120,"date":"2026-01-26T13:48:21","date_gmt":"2026-01-26T13:48:21","guid":{"rendered":"https:\/\/apartmani.itdesign.digital\/uvjeti-koristenja\/"},"modified":"2026-01-26T13:48:28","modified_gmt":"2026-01-26T13:48:28","slug":"uvjeti-koristenja","status":"publish","type":"page","link":"https:\/\/apartmani.itdesign.digital\/?page_id=120","title":{"rendered":"Uvjeti kori\u0161tenja"},"content":{"rendered":"\t\t<div data-elementor-type=\"wp-page\" data-elementor-id=\"120\" class=\"elementor elementor-120\">\n\t\t\t\t<div class=\"elementor-element elementor-element-4sd1f0gz twbb_section e-con-boxed e-flex e-con e-parent\" data-id=\"4sd1f0gz\" data-element_type=\"container\" id=\"general-terms\">\n\t\t\t\t\t<div class=\"e-con-inner\">\n\t\t\t\t<div class=\"elementor-element elementor-element-gmxbalgb elementor-widget__width-initial elementor-widget-mobile__width-inherit elementor-widget-tablet__width-initial elementor-invisible elementor-widget elementor-widget-heading\" data-id=\"gmxbalgb\" data-element_type=\"widget\" data-settings=\"{&quot;_animation&quot;:&quot;fadeInUp&quot;}\" data-widget_type=\"heading.default\">\n\t\t\t\t\t<h2 class=\"elementor-heading-title elementor-size-default\">Op\u0107i uvjeti poslovanja<\/h2>\t\t\t\t<\/div>\n\t\t\t\t<div class=\"elementor-element elementor-element-y6yq9u75 elementor-widget__width-initial elementor-widget-mobile__width-inherit elementor-widget-tablet__width-initial elementor-invisible elementor-widget elementor-widget-text-editor\" data-id=\"y6yq9u75\" data-element_type=\"widget\" data-settings=\"{&quot;_animation&quot;:&quot;fadeInUp&quot;}\" data-widget_type=\"text-editor.default\">\n\t\t\t\t\t\t\t\t\tDobrodo\u0161li u Mrine Lux! Ovi uvjeti i odredbe definiraju pravila i propise za kori\u0161tenje na\u0161e web stranice i usluga. Pristupom ovoj web stranici i\/ili rezervacijom apartmana, u potpunosti prihva\u0107ate ove uvjete i odredbe. Nemojte nastaviti koristiti web stranicu Mrine Lux ako ne prihva\u0107ate sve uvjete i odredbe navedene na ovoj stranici.\n\n<b>Uvjeti rezervacije:<\/b>\nSve rezervacije ovise o raspolo\u017eivosti i potvrdi. Kako biste osigurali svoju rezervaciju, polog ili puna uplata mogu biti potrebni u trenutku rezervacije. Cijene su po no\u0107enju i uklju\u010duju turisti\u010dku pristojbu, ku\u0107ne ljubimce i naknade za \u010di\u0161\u0107enje, osim ako nije druga\u010dije navedeno.\n\n<b>Uvjeti pla\u0107anja:<\/b>\nPrihva\u0107amo online pla\u0107anja putem kartice i bankovnog transfera. Detalji pla\u0107anja bit \u0107e navedeni tijekom procesa rezervacije. Sve uplate moraju biti primljene u cijelosti prije va\u0161eg dolaska, osim ako nije druga\u010dije dogovoreno.\n\n<b>Odgovornosti korisnika:<\/b>\nGosti su odgovorni za odr\u017eavanje \u010disto\u0107e i reda u apartmanu tijekom svog boravka. Za svu \u0161tetu na imovini ili njezinom sadr\u017eaju odgovoran je gost i mo\u017ee rezultirati dodatnim tro\u0161kovima. Od gostiju se o\u010dekuje da se pridr\u017eavaju svih ku\u0107nih pravila i lokalnih propisa.\t\t\t\t\t\t\t\t<\/div>\n\t\t\t\t\t<\/div>\n\t\t\t\t<\/div>\n\t\t<div class=\"elementor-element elementor-element-sd0azvsl twbb_section e-con-boxed e-flex e-con e-parent\" data-id=\"sd0azvsl\" data-element_type=\"container\" id=\"cancellation-policy\">\n\t\t\t\t\t<div class=\"e-con-inner\">\n\t\t<div class=\"elementor-element elementor-element-gfcg1ky1 e-con-full e-flex e-con e-parent\" data-id=\"gfcg1ky1\" data-element_type=\"container\">\n\t\t\t\t<div class=\"elementor-element elementor-element-srur1sqh elementor-widget__width-initial elementor-widget-mobile__width-inherit elementor-widget-tablet__width-initial elementor-invisible elementor-widget elementor-widget-heading\" data-id=\"srur1sqh\" data-element_type=\"widget\" data-settings=\"{&quot;_animation&quot;:&quot;fadeInUp&quot;}\" data-widget_type=\"heading.default\">\n\t\t\t\t\t<h2 class=\"elementor-heading-title elementor-size-default\">Politika otkazivanja<\/h2>\t\t\t\t<\/div>\n\t\t\t\t<div class=\"elementor-element elementor-element-2g7okoum elementor-widget__width-initial elementor-widget-mobile__width-inherit elementor-widget-tablet__width-initial elementor-invisible elementor-widget elementor-widget-text-editor\" data-id=\"2g7okoum\" data-element_type=\"widget\" data-settings=\"{&quot;_animation&quot;:&quot;fadeInUp&quot;}\" data-widget_type=\"text-editor.default\">\n\t\t\t\t\t\t\t\t\tU Mrine Luxu razumijemo da se planovi mogu promijeniti. Na\u0161a politika otkazivanja osmi\u0161ljena je kako bi bila po\u0161tena i prema na\u0161im gostima i prema na\u0161em poslovanju. Ako otka\u017eete svoju rezervaciju najmanje 14 dana prije planiranog dolaska, dobit \u0107ete povrat od 50% ukupnog iznosa rezervacije. Otkazivanja izvr\u0161ena unutar 14 dana od dolaska su nepovratna. U slu\u010daju nedolaska naplatit \u0107e se puni iznos rezervacije. Da biste otkazali svoju rezervaciju, kontaktirajte nas putem kontakt obrasca na stranici Rezervacije i kontakt.\t\t\t\t\t\t\t\t<\/div>\n\t\t\t\t<\/div>\n\t\t<div class=\"elementor-element elementor-element-7m1x4c2k e-con-full e-flex e-con e-parent\" data-id=\"7m1x4c2k\" data-element_type=\"container\">\n\t\t\t\t<div class=\"elementor-element elementor-element-evjk0om7 elementor-widget__width-initial elementor-widget-mobile__width-inherit elementor-widget-tablet__width-initial elementor-view-default elementor-position-block-start elementor-mobile-position-block-start elementor-widget elementor-widget-icon-box\" data-id=\"evjk0om7\" data-element_type=\"widget\" data-widget_type=\"icon-box.default\">\n\t\t\t\t\t\t\t<div class=\"elementor-icon-box-wrapper\">\n\n\t\t\t\t\t\t<div class=\"elementor-icon-box-icon\">\n\t\t\t\t<span  class=\"elementor-icon\">\n\t\t\t\t<svg aria-hidden=\"true\" class=\"e-font-icon-svg e-fas-info-circle\" viewBox=\"0 0 512 512\" xmlns=\"http:\/\/www.w3.org\/2000\/svg\"><path d=\"M256 8C119.043 8 8 119.083 8 256c0 136.997 111.043 248 248 248s248-111.003 248-248C504 119.083 392.957 8 256 8zm0 110c23.196 0 42 18.804 42 42s-18.804 42-42 42-42-18.804-42-42 18.804-42 42-42zm56 254c0 6.627-5.373 12-12 12h-88c-6.627 0-12-5.373-12-12v-24c0-6.627 5.373-12 12-12h12v-64h-12c-6.627 0-12-5.373-12-12v-24c0-6.627 5.373-12 12-12h64c6.627 0 12 5.373 12 12v100h12c6.627 0 12 5.373 12 12v24z\"><\/path><\/svg>\t\t\t\t<\/span>\n\t\t\t<\/div>\n\t\t\t\n\t\t\t\t\t\t<div class=\"elementor-icon-box-content\">\n\n\t\t\t\t\t\t\t\t\t<h3 class=\"elementor-icon-box-title\">\n\t\t\t\t\t\t<span  >\n\t\t\t\t\t\t\tSa\u017eetak otkazivanja\t\t\t\t\t\t<\/span>\n\t\t\t\t\t<\/h3>\n\t\t\t\t\n\t\t\t\t\t\t\t\t\t<p class=\"elementor-icon-box-description\">\n\t\t\t\t\t\t<ul><li>14+ dana prije dolaska: povrat od 50%<\/li><li>Manje od 14 dana: Bez povrata<\/li><li>Nedolazak: Puni iznos<\/li><\/ul>\t\t\t\t\t<\/p>\n\t\t\t\t\n\t\t\t<\/div>\n\t\t\t\n\t\t<\/div>\n\t\t\t\t\t\t<\/div>\n\t\t\t\t<\/div>\n\t\t\t\t\t<\/div>\n\t\t\t\t<\/div>\n\t\t\t\t<\/div>\n\t\t","protected":false},"excerpt":{"rendered":"","protected":false},"author":0,"featured_media":0,"parent":0,"menu_order":0,"comment_status":"closed","ping_status":"publish","template":"","meta":{"two_page_speed":[],"footnotes":""},"class_list":["post-120","page","type-page","status-publish","hentry"],"_links":{"self":[{"href":"https:\/\/apartmani.itdesign.digital\/index.php?rest_route=\/wp\/v2\/pages\/120","targetHints":{"allow":["GET"]}}],"collection":[{"href":"https:\/\/apartmani.itdesign.digital\/index.php?rest_route=\/wp\/v2\/pages"}],"about":[{"href":"https:\/\/apartmani.itdesign.digital\/index.php?rest_route=\/wp\/v2\/types\/page"}],"replies":[{"embeddable":true,"href":"https:\/\/apartmani.itdesign.digital\/index.php?rest_route=%2Fwp%2Fv2%2Fcomments&post=120"}],"version-history":[{"count":1,"href":"https:\/\/apartmani.itdesign.digital\/index.php?rest_route=\/wp\/v2\/pages\/120\/revisions"}],"predecessor-version":[{"id":144,"href":"https:\/\/apartmani.itdesign.digital\/index.php?rest_route=\/wp\/v2\/pages\/120\/revisions\/144"}],"wp:attachment":[{"href":"https:\/\/apartmani.itdesign.digital\/index.php?rest_route=%2Fwp%2Fv2%2Fmedia&parent=120"}],"curies":[{"name":"wp","href":"https:\/\/api.w.org\/{rel}","templated":true}]}}